{"id":21,"date":"2025-05-08T08:35:58","date_gmt":"2025-05-08T08:35:58","guid":{"rendered":"https:\/\/lrmd.de\/?page_id=21"},"modified":"2026-04-09T06:42:40","modified_gmt":"2026-04-09T06:42:40","slug":"impressum","status":"publish","type":"page","link":"https:\/\/lrmd.de\/?page_id=21","title":{"rendered":"Impressum"},"content":{"rendered":"\t\t<div data-elementor-type=\"wp-page\" data-elementor-id=\"21\" class=\"elementor elementor-21\" data-elementor-post-type=\"page\">\n\t\t\t\t<div class=\"elementor-element elementor-element-27227ee e-con-full elementor-hidden-desktop e-flex e-con e-parent\" data-id=\"27227ee\" data-element_type=\"container\" data-e-type=\"container\">\n\t\t\t\t<div class=\"elementor-element elementor-element-5488016 elementor-widget elementor-widget-image\" data-id=\"5488016\" data-element_type=\"widget\" data-e-type=\"widget\" data-widget_type=\"image.default\">\n\t\t\t\t<div class=\"elementor-widget-container\">\n\t\t\t\t\t\t\t\t\t\t\t\t\t\t\t<img fetchpriority=\"high\" decoding=\"async\" width=\"750\" height=\"490\" src=\"https:\/\/lrmd.de\/wp-content\/uploads\/2025\/05\/lrmd_webseite_phone_header_2.jpg\" class=\"attachment-full size-full wp-image-170\" alt=\"\" srcset=\"https:\/\/lrmd.de\/wp-content\/uploads\/2025\/05\/lrmd_webseite_phone_header_2.jpg 750w, https:\/\/lrmd.de\/wp-content\/uploads\/2025\/05\/lrmd_webseite_phone_header_2-300x196.jpg 300w\" sizes=\"(max-width: 750px) 100vw, 750px\" \/>\t\t\t\t\t\t\t\t\t\t\t\t\t\t\t<\/div>\n\t\t\t\t<\/div>\n\t\t\t\t<\/div>\n\t\t<div class=\"elementor-element elementor-element-381f5df e-con-full elementor-hidden-tablet elementor-hidden-mobile e-flex e-con e-parent\" data-id=\"381f5df\" data-element_type=\"container\" data-e-type=\"container\">\n\t\t\t\t<div class=\"elementor-element elementor-element-6814d34 elementor-widget elementor-widget-image\" data-id=\"6814d34\" data-element_type=\"widget\" data-e-type=\"widget\" data-widget_type=\"image.default\">\n\t\t\t\t<div class=\"elementor-widget-container\">\n\t\t\t\t\t\t\t\t\t\t\t\t\t\t\t<img decoding=\"async\" width=\"1280\" height=\"270\" src=\"https:\/\/lrmd.de\/wp-content\/uploads\/2025\/05\/lrmd_webseite_header_2-1.jpg\" class=\"attachment-full size-full wp-image-596\" alt=\"\" srcset=\"https:\/\/lrmd.de\/wp-content\/uploads\/2025\/05\/lrmd_webseite_header_2-1.jpg 1280w, https:\/\/lrmd.de\/wp-content\/uploads\/2025\/05\/lrmd_webseite_header_2-1-300x63.jpg 300w, https:\/\/lrmd.de\/wp-content\/uploads\/2025\/05\/lrmd_webseite_header_2-1-1024x216.jpg 1024w, https:\/\/lrmd.de\/wp-content\/uploads\/2025\/05\/lrmd_webseite_header_2-1-768x162.jpg 768w\" sizes=\"(max-width: 1280px) 100vw, 1280px\" \/>\t\t\t\t\t\t\t\t\t\t\t\t\t\t\t<\/div>\n\t\t\t\t<\/div>\n\t\t\t\t<\/div>\n\t\t<div class=\"elementor-element elementor-element-6647b1d e-flex e-con-boxed e-con e-parent\" data-id=\"6647b1d\" data-element_type=\"container\" data-e-type=\"container\">\n\t\t\t\t\t<div class=\"e-con-inner\">\n\t\t\t\t<div class=\"elementor-element elementor-element-05d7213 elementor-widget elementor-widget-spacer\" data-id=\"05d7213\" data-element_type=\"widget\" data-e-type=\"widget\" data-widget_type=\"spacer.default\">\n\t\t\t\t<div class=\"elementor-widget-container\">\n\t\t\t\t\t\t\t<div class=\"elementor-spacer\">\n\t\t\t<div class=\"elementor-spacer-inner\"><\/div>\n\t\t<\/div>\n\t\t\t\t\t\t<\/div>\n\t\t\t\t<\/div>\n\t\t\t\t\t<\/div>\n\t\t\t\t<\/div>\n\t\t<div class=\"elementor-element elementor-element-4000a81 e-flex e-con-boxed e-con e-parent\" data-id=\"4000a81\" data-element_type=\"container\" data-e-type=\"container\">\n\t\t\t\t\t<div class=\"e-con-inner\">\n\t\t\t\t<div class=\"elementor-element elementor-element-86a4af8 elementor-widget elementor-widget-heading\" data-id=\"86a4af8\" data-element_type=\"widget\" data-e-type=\"widget\" data-widget_type=\"heading.default\">\n\t\t\t\t<div class=\"elementor-widget-container\">\n\t\t\t\t\t<h2 class=\"elementor-heading-title elementor-size-default\">IMPRESSUM\n<\/h2>\t\t\t\t<\/div>\n\t\t\t\t<\/div>\n\t\t\t\t\t<\/div>\n\t\t\t\t<\/div>\n\t\t<div class=\"elementor-element elementor-element-22974b8 e-flex e-con-boxed e-con e-parent\" data-id=\"22974b8\" data-element_type=\"container\" data-e-type=\"container\">\n\t\t\t\t\t<div class=\"e-con-inner\">\n\t\t\t\t<div class=\"elementor-element elementor-element-2db8204 elementor-widget elementor-widget-text-editor\" data-id=\"2db8204\" data-element_type=\"widget\" data-e-type=\"widget\" data-widget_type=\"text-editor.default\">\n\t\t\t\t<div class=\"elementor-widget-container\">\n\t\t\t\t\t\t\t\t\t<p>Lebensrettungs-Marketing Deutschland GmbH | Carl-Jordan-Stra\u00dfe 13 | 83059 Kolbermoor<br \/>T 089 43 56 96 02 | F 089 43 56 96 01 | E-Mail mail@lrmd.de<br \/>Gesch\u00e4ftsf\u00fchrer: Markus Liestmann | Sitz u. Registergericht: M\u00fcnchen | HRB 187395 | USt-IdNr.: DE273251795<\/p><p>Bildnachweise: Freepik.com | Philips \/ medic assist<\/p>\t\t\t\t\t\t\t\t<\/div>\n\t\t\t\t<\/div>\n\t\t\t\t\t<\/div>\n\t\t\t\t<\/div>\n\t\t<div class=\"elementor-element elementor-element-a00aa3a e-flex e-con-boxed e-con e-parent\" data-id=\"a00aa3a\" data-element_type=\"container\" data-e-type=\"container\">\n\t\t\t\t\t<div class=\"e-con-inner\">\n\t\t\t\t<div class=\"elementor-element elementor-element-a5579f4 elementor-widget elementor-widget-spacer\" data-id=\"a5579f4\" data-element_type=\"widget\" data-e-type=\"widget\" data-widget_type=\"spacer.default\">\n\t\t\t\t<div class=\"elementor-widget-container\">\n\t\t\t\t\t\t\t<div class=\"elementor-spacer\">\n\t\t\t<div class=\"elementor-spacer-inner\"><\/div>\n\t\t<\/div>\n\t\t\t\t\t\t<\/div>\n\t\t\t\t<\/div>\n\t\t\t\t\t<\/div>\n\t\t\t\t<\/div>\n\t\t\t\t<\/div>\n\t\t","protected":false},"excerpt":{"rendered":"<p>IMPRESSUM Lebensrettungs-Marketing Deutschland GmbH | Carl-Jordan-Stra\u00dfe 13 | 83059 KolbermoorT 089 43 56 96 02 | F 089 43 56 96 01 | E-Mail mail@lrmd.deGesch\u00e4ftsf\u00fchrer: Markus Liestmann | Sitz u. Registergericht: M\u00fcnchen | HRB 187395 | USt-IdNr.: DE273251795 Bildnachweise: Freepik.com | Philips \/ medic assist<\/p>\n","protected":false},"author":1,"featured_media":0,"parent":0,"menu_order":0,"comment_status":"closed","ping_status":"closed","template":"elementor_header_footer","meta":{"footnotes":""},"class_list":["post-21","page","type-page","status-publish","hentry"],"_links":{"self":[{"href":"https:\/\/lrmd.de\/index.php?rest_route=\/wp\/v2\/pages\/21","targetHints":{"allow":["GET"]}}],"collection":[{"href":"https:\/\/lrmd.de\/index.php?rest_route=\/wp\/v2\/pages"}],"about":[{"href":"https:\/\/lrmd.de\/index.php?rest_route=\/wp\/v2\/types\/page"}],"author":[{"embeddable":true,"href":"https:\/\/lrmd.de\/index.php?rest_route=\/wp\/v2\/users\/1"}],"replies":[{"embeddable":true,"href":"https:\/\/lrmd.de\/index.php?rest_route=%2Fwp%2Fv2%2Fcomments&post=21"}],"version-history":[{"count":49,"href":"https:\/\/lrmd.de\/index.php?rest_route=\/wp\/v2\/pages\/21\/revisions"}],"predecessor-version":[{"id":1953,"href":"https:\/\/lrmd.de\/index.php?rest_route=\/wp\/v2\/pages\/21\/revisions\/1953"}],"wp:attachment":[{"href":"https:\/\/lrmd.de\/index.php?rest_route=%2Fwp%2Fv2%2Fmedia&parent=21"}],"curies":[{"name":"wp","href":"https:\/\/api.w.org\/{rel}","templated":true}]}}